{"id":48,"date":"2018-03-03T19:10:35","date_gmt":"2018-03-03T19:10:35","guid":{"rendered":"http:\/\/sapieha-sledz.pl\/?page_id=48"},"modified":"2021-02-17T21:58:41","modified_gmt":"2021-02-17T20:58:41","slug":"o-mnie","status":"publish","type":"page","link":"https:\/\/sapieha-sledz.pl\/index.php\/o-mnie\/","title":{"rendered":"O mnie"},"content":{"rendered":"<p><img loading=\"lazy\" decoding=\"async\" class=\"alignright wp-image-30\" src=\"http:\/\/sapieha-sledz.pl\/wp-content\/uploads\/2018\/02\/Prawnik_Szczecin_porady_prawne_radca_prawny-705x1024.jpg\" alt=\"\" width=\"343\" height=\"498\" \/>Jestem absolwentk\u0105 Wydzia\u0142u Prawa i Administracji Uniwersytetu Szczeci\u0144skiego (1999). W toku pracy zawodowej zajmowa\u0142am si\u0119 zam\u00f3wieniami publicznymi, ochron\u0105 danych osobowych oraz sprawami dotycz\u0105cymi ubezpieczenia odpowiedzialno\u015bci cywilnej i odszkodowa\u0144 (b\u0142\u0119dy lekarskie, szkody komunikacyjne i osobowe). Posiadam du\u017ce do\u015bwiadczenie w obs\u0142udze stowarzysze\u0144.<\/p>\n<p>Jestem wpisana na list\u0119 radc\u00f3w prawnych prowadzon\u0105 przez Okr\u0119gow\u0105 Izb\u0119 Radc\u00f3w Prawnych w Szczecinie pod numerem SZ-1359.<br \/>\nOd 2016 roku prowadz\u0119 w\u0142asn\u0105 Kancelari\u0119 Radcy Prawnego. Specjalizuj\u0119 si\u0119 w sprawach o odszkodowania za szkody komunikacyjne i osobowe, sprawami dotycz\u0105cymi b\u0142\u0119d\u00f3w medycznych oraz w prawie rodzinnym i spadkowym.<\/p>\n<p>Prowadz\u0119 tak\u017ce szkolenia z zakresu odpowiedzialno\u015bci odszkodowawczej i ochrony danych osobowych oraz zajmuj\u0119 si\u0119 edukacj\u0105 m\u0142odzie\u017cy w ramach programu \u201eLekcje Prawa w Szko\u0142ach \u015arednich\u201d, kt\u00f3remu patronuje Okr\u0119gowa Izba Radc\u00f3w Prawnych w Szczecinie.<\/p>\n<p>\u017bycie prywatne:<br \/>\nRodzina: m\u0105\u017c, c\u00f3rka, dw\u00f3ch syn\u00f3w, sfora ps\u00f3w i rodzina \u015bwinek morskich. Z zami\u0142owania ogrodniczka.<\/p>\n<p>Zadzwo\u0144 teraz &#8211; tel:608651736<\/p>\n<hr \/>\n<div class=\"column columns-two-left\">\n<div id=\"page-zones__template-widgets__content-footercolumn1content1\" class=\"widget content \">\n<div><img loading=\"lazy\" decoding=\"async\" class=\"alignright wp-image-156 size-full\" src=\"http:\/\/sapieha-sledz.pl\/wp-content\/uploads\/2020\/02\/OIRP_logo-e1581521637700.jpg\" alt=\"\" width=\"200\" height=\"91\" \/><\/div>\n<div class=\"bk-content-text js-text-content wysihtml-editor-content\"><b>Kancelaria Radcy Prawnego<\/b><br \/>\n<b>Radca Prawny Ewa Sapieha-\u015aled\u017a<\/b><\/div>\n<div><\/div>\n<div class=\"bk-content-text js-text-content wysihtml-editor-content\"><b>Biuro \u015ar\u00f3dmie\u015bcie<\/b><\/div>\n<\/div>\n<\/div>\n<div class=\"column columns-two-right\">\n<div id=\"page-zones__template-widgets__content-footercolumn2content1\" class=\"widget content \">\n<div class=\"bk-content-text js-text-content wysihtml-editor-content\">\n<p style=\"text-align: left;\"><span class=\"wysiwyg-font-size-small\"><b><\/b>Ul. Langiewicza 18\/18, <\/span><span class=\"wysiwyg-font-size-small\">72-263 Szczecin<b><\/b><\/span><\/p>\n<p><span class=\"wysiwyg-font-size-small\"><b>Biuro Mierzyn<\/b><\/span><\/p>\n<\/div>\n<div class=\"bk-content-text js-text-content wysihtml-editor-content\">Ul. Izydy 1a, 72-006 Mierzyn<\/div>\n<div><\/div>\n<div class=\"bk-content-text js-text-content wysihtml-editor-content\"><span class=\"wysiwyg-font-size-small\">Tel<\/span>.\u00a0608651736<\/div>\n<div class=\"bk-content-text js-text-content wysihtml-editor-content\"><span style=\"text-align: center;\">email: kancelaria@sapieha-sledz.pl<\/span><\/div>\n<div class=\"bk-content-text js-text-content wysihtml-editor-content\" style=\"text-align: center;\">\n<hr \/>\n<p><span class=\"wysiwyg-font-size-smaller\">\u00a9 Ewa Sapieha-\u015aled\u017a\u00a0<\/span><span class=\"wysiwyg-font-size-smaller\">2020<\/span><\/p>\n<\/div>\n<\/div>\n<\/div>\n","protected":false},"excerpt":{"rendered":"<p>Jestem absolwentk\u0105 Wydzia\u0142u Prawa i Administracji Uniwersytetu Szczeci\u0144skiego (1999). W toku pracy zawodowej zajmowa\u0142am si\u0119 zam\u00f3wieniami publicznymi, ochron\u0105 danych osobowych oraz sprawami dotycz\u0105cymi ubezpieczenia odpowiedzialno\u015bci cywilnej i odszkodowa\u0144 (b\u0142\u0119dy lekarskie, szkody komunikacyjne i osobowe). Posiadam du\u017ce do\u015bwiadczenie w obs\u0142udze stowarzysze\u0144. Jestem wpisana na list\u0119 radc\u00f3w prawnych prowadzon\u0105 przez Okr\u0119gow\u0105 Izb\u0119 Radc\u00f3w Prawnych w Szczecinie pod &hellip; <a href=\"https:\/\/sapieha-sledz.pl\/index.php\/o-mnie\/\" class=\"more-link\">Czytaj dalej <span class=\"screen-reader-text\">O mnie<\/span><\/a><\/p>\n","protected":false},"author":1,"featured_media":0,"parent":0,"menu_order":0,"comment_status":"closed","ping_status":"closed","template":"","meta":{"footnotes":""},"class_list":["post-48","page","type-page","status-publish","hentry"],"_links":{"self":[{"href":"https:\/\/sapieha-sledz.pl\/index.php\/wp-json\/wp\/v2\/pages\/48","targetHints":{"allow":["GET"]}}],"collection":[{"href":"https:\/\/sapieha-sledz.pl\/index.php\/wp-json\/wp\/v2\/pages"}],"about":[{"href":"https:\/\/sapieha-sledz.pl\/index.php\/wp-json\/wp\/v2\/types\/page"}],"author":[{"embeddable":true,"href":"https:\/\/sapieha-sledz.pl\/index.php\/wp-json\/wp\/v2\/users\/1"}],"replies":[{"embeddable":true,"href":"https:\/\/sapieha-sledz.pl\/index.php\/wp-json\/wp\/v2\/comments?post=48"}],"version-history":[{"count":1,"href":"https:\/\/sapieha-sledz.pl\/index.php\/wp-json\/wp\/v2\/pages\/48\/revisions"}],"predecessor-version":[{"id":199,"href":"https:\/\/sapieha-sledz.pl\/index.php\/wp-json\/wp\/v2\/pages\/48\/revisions\/199"}],"wp:attachment":[{"href":"https:\/\/sapieha-sledz.pl\/index.php\/wp-json\/wp\/v2\/media?parent=48"}],"curies":[{"name":"wp","href":"https:\/\/api.w.org\/{rel}","templated":true}]}}