{"id":60,"date":"2018-03-03T20:07:06","date_gmt":"2018-03-03T20:07:06","guid":{"rendered":"http:\/\/sapieha-sledz.pl\/?page_id=60"},"modified":"2021-02-17T22:01:24","modified_gmt":"2021-02-17T21:01:24","slug":"wynagrodzenie","status":"publish","type":"page","link":"https:\/\/sapieha-sledz.pl\/index.php\/wynagrodzenie\/","title":{"rendered":"Wynagrodzenie"},"content":{"rendered":"<p>Wysoko\u015b\u0107 wynagrodzenia ka\u017cdorazowo ustalana jest z Klientem indywidualnie i uzale\u017cniona jest od stopnia skomplikowania sprawy oraz terminu realizacji us\u0142ugi.<\/p>\n<p>W razie udzielenia porady prawnej, a nast\u0119pnie zleceniu prowadzenia sprawy, kwota wynagrodzenia uiszczona za porad\u0119 prawn\u0105 zaliczana jest na poczet honorarium za prowadzenie sprawy.<\/p>\n<p>Stosowane s\u0105 sposoby rozlicze\u0144:<\/p>\n<ul>\n<li>rycza\u0142towy &#8211; ustalenie z g\u00f3ry konkretnej kwoty wynagrodzenia, . System ten jest stosowany w sprawach, w kt\u00f3rych mo\u017cna w przybli\u017ceniu okre\u015bli\u0107 zakres prac i ich wymiar czasowy.<\/li>\n<li>godzinowy &#8211; wysoko\u015b\u0107 wynagrodzenia zale\u017cy od ilo\u015bci czasu po\u015bwi\u0119conego na wykonanie zlecenia.<\/li>\n<li>Succes Fee &#8211; ustalane jako uzupe\u0142nienie wynagrodzenia, uzale\u017cnione od rezultatu sprawy<\/li>\n<\/ul>\n<p>Op\u0142aty powi\u0119kszane s\u0105 o 23% podatku od towar\u00f3w i us\u0142ug oraz nie uwzgl\u0119dniaj\u0105 zaliczek na wydatki, je\u015bli sprawy tego wymagaj\u0105.<\/p>\n<p>Zadzwo\u0144 teraz &#8211; tel:608651736<\/p>\n<hr \/>\n<p><img loading=\"lazy\" decoding=\"async\" class=\"alignright wp-image-156 size-full\" src=\"http:\/\/sapieha-sledz.pl\/wp-content\/uploads\/2020\/02\/OIRP_logo-e1581521637700.jpg\" alt=\"\" width=\"200\" height=\"91\" \/><\/p>\n<p><b style=\"font-family: inherit; font-style: inherit;\">Kancelaria Radcy Prawnego<\/b><\/p>\n<div class=\"column columns-two-left\">\n<div id=\"page-zones__template-widgets__content-footercolumn1content1\" class=\"widget content \">\n<div class=\"bk-content-text js-text-content wysihtml-editor-content\"><b>Radca Prawny Ewa Sapieha-\u015aled\u017a<\/b><\/div>\n<div><\/div>\n<div class=\"bk-content-text js-text-content wysihtml-editor-content\"><b>Biuro \u015ar\u00f3dmie\u015bcie<\/b><\/div>\n<\/div>\n<\/div>\n<div class=\"column columns-two-right\">\n<div id=\"page-zones__template-widgets__content-footercolumn2content1\" class=\"widget content \">\n<div class=\"bk-content-text js-text-content wysihtml-editor-content\">\n<p style=\"text-align: left;\"><span class=\"wysiwyg-font-size-small\"><b><\/b>Ul. Langiewicza 18\/18, <\/span><span class=\"wysiwyg-font-size-small\">72-263 Szczecin<b><\/b><\/span><\/p>\n<p>\u00a0<span class=\"wysiwyg-font-size-small\"><b>Biuro Mierzyn<\/b><\/span><\/p>\n<\/div>\n<div class=\"bk-content-text js-text-content wysihtml-editor-content\">Ul. Izydy 1a, 72-006 Mierzyn<\/div>\n<div><\/div>\n<div class=\"bk-content-text js-text-content wysihtml-editor-content\"><span class=\"wysiwyg-font-size-small\">Tel<\/span>.\u00a0608651736<\/div>\n<div class=\"bk-content-text js-text-content wysihtml-editor-content\"><span style=\"text-align: center;\">email: kancelaria@sapieha-sledz.pl<\/span><\/div>\n<div class=\"bk-content-text js-text-content wysihtml-editor-content\" style=\"text-align: center;\">\n<hr \/>\n<p><span class=\"wysiwyg-font-size-smaller\">\u00a9 Ewa Sapieha-\u015aled\u017a\u00a0<\/span><span class=\"wysiwyg-font-size-smaller\">2020<\/span><\/p>\n<\/div>\n<\/div>\n<\/div>\n","protected":false},"excerpt":{"rendered":"<p>Wysoko\u015b\u0107 wynagrodzenia ka\u017cdorazowo ustalana jest z Klientem indywidualnie i uzale\u017cniona jest od stopnia skomplikowania sprawy oraz terminu realizacji us\u0142ugi. W razie udzielenia porady prawnej, a nast\u0119pnie zleceniu prowadzenia sprawy, kwota wynagrodzenia uiszczona za porad\u0119 prawn\u0105 zaliczana jest na poczet honorarium za prowadzenie sprawy. Stosowane s\u0105 sposoby rozlicze\u0144: rycza\u0142towy &#8211; ustalenie z g\u00f3ry konkretnej kwoty wynagrodzenia, &hellip; <a href=\"https:\/\/sapieha-sledz.pl\/index.php\/wynagrodzenie\/\" class=\"more-link\">Czytaj dalej <span class=\"screen-reader-text\">Wynagrodzenie<\/span><\/a><\/p>\n","protected":false},"author":1,"featured_media":40,"parent":0,"menu_order":0,"comment_status":"closed","ping_status":"closed","template":"","meta":{"footnotes":""},"class_list":["post-60","page","type-page","status-publish","has-post-thumbnail","hentry"],"_links":{"self":[{"href":"https:\/\/sapieha-sledz.pl\/index.php\/wp-json\/wp\/v2\/pages\/60","targetHints":{"allow":["GET"]}}],"collection":[{"href":"https:\/\/sapieha-sledz.pl\/index.php\/wp-json\/wp\/v2\/pages"}],"about":[{"href":"https:\/\/sapieha-sledz.pl\/index.php\/wp-json\/wp\/v2\/types\/page"}],"author":[{"embeddable":true,"href":"https:\/\/sapieha-sledz.pl\/index.php\/wp-json\/wp\/v2\/users\/1"}],"replies":[{"embeddable":true,"href":"https:\/\/sapieha-sledz.pl\/index.php\/wp-json\/wp\/v2\/comments?post=60"}],"version-history":[{"count":1,"href":"https:\/\/sapieha-sledz.pl\/index.php\/wp-json\/wp\/v2\/pages\/60\/revisions"}],"predecessor-version":[{"id":205,"href":"https:\/\/sapieha-sledz.pl\/index.php\/wp-json\/wp\/v2\/pages\/60\/revisions\/205"}],"wp:featuredmedia":[{"embeddable":true,"href":"https:\/\/sapieha-sledz.pl\/index.php\/wp-json\/wp\/v2\/media\/40"}],"wp:attachment":[{"href":"https:\/\/sapieha-sledz.pl\/index.php\/wp-json\/wp\/v2\/media?parent=60"}],"curies":[{"name":"wp","href":"https:\/\/api.w.org\/{rel}","templated":true}]}}