{"id":67,"date":"2018-03-03T20:12:22","date_gmt":"2018-03-03T20:12:22","guid":{"rendered":"http:\/\/sapieha-sledz.pl\/?page_id=67"},"modified":"2021-02-17T22:03:37","modified_gmt":"2021-02-17T21:03:37","slug":"oferta","status":"publish","type":"page","link":"https:\/\/sapieha-sledz.pl\/index.php\/oferta\/","title":{"rendered":"Oferta"},"content":{"rendered":"<div id=\"page-zones__main-widgets__58acab9f3c044\" class=\"widget space\"><img loading=\"lazy\" decoding=\"async\" class=\"size-full wp-image-107 aligncenter\" src=\"http:\/\/sapieha-sledz.pl\/wp-content\/uploads\/2018\/04\/android-icon-36x36-1.png\" alt=\"\" width=\"36\" height=\"36\"><\/div>\n<div>\n<h2 style=\"text-align: center;\"><a href=\"http:\/\/sapieha-sledz.pl\/?page_id=74\"><span class=\"wysiwyg-font-size-larger\"><span style=\"color: #333333;\">Sprawy cywilne, rodzinne i opieku\u0144cze<\/span><\/span><\/a><\/h2>\n<p><img loading=\"lazy\" decoding=\"async\" class=\"alignright size-large wp-image-98\" src=\"http:\/\/sapieha-sledz.pl\/wp-content\/uploads\/2018\/04\/prawnik-szczecin-radca-prawny-kancelaria-odszkodowania-1024x683.jpg\" alt=\"\" width=\"648\" height=\"432\" srcset=\"https:\/\/sapieha-sledz.pl\/wp-content\/uploads\/2018\/04\/prawnik-szczecin-radca-prawny-kancelaria-odszkodowania-1024x683.jpg 1024w, https:\/\/sapieha-sledz.pl\/wp-content\/uploads\/2018\/04\/prawnik-szczecin-radca-prawny-kancelaria-odszkodowania-300x200.jpg 300w, https:\/\/sapieha-sledz.pl\/wp-content\/uploads\/2018\/04\/prawnik-szczecin-radca-prawny-kancelaria-odszkodowania-768x512.jpg 768w, https:\/\/sapieha-sledz.pl\/wp-content\/uploads\/2018\/04\/prawnik-szczecin-radca-prawny-kancelaria-odszkodowania-1536x1024.jpg 1536w, https:\/\/sapieha-sledz.pl\/wp-content\/uploads\/2018\/04\/prawnik-szczecin-radca-prawny-kancelaria-odszkodowania-1568x1045.jpg 1568w, https:\/\/sapieha-sledz.pl\/wp-content\/uploads\/2018\/04\/prawnik-szczecin-radca-prawny-kancelaria-odszkodowania.jpg 1920w\" sizes=\"auto, (max-width: 648px) 100vw, 648px\" \/><\/p>\n<ul>\n<li>b\u0142\u0119dy medyczne<\/li>\n<li>odszkodowania komunikacyjne i osobowe<\/li>\n<li>rozwody, alimenty, opieka na dzieckiem<\/li>\n<li>spadki<\/li>\n<\/ul>\n<p><a href=\"http:\/\/sapieha-sledz.pl\/?page_id=74\">Szczeg\u00f3\u0142y&#8230;<\/a><\/p>\n<\/div>\n<hr>\n<h2><\/h2>\n<h2 style=\"text-align: center;\"><img loading=\"lazy\" decoding=\"async\" class=\"size-full wp-image-107 aligncenter\" src=\"http:\/\/sapieha-sledz.pl\/wp-content\/uploads\/2018\/04\/android-icon-36x36-1.png\" alt=\"\" width=\"36\" height=\"36\"><\/h2>\n<h2 style=\"text-align: center;\"><span style=\"color: #333333;\"><a style=\"color: #333333;\" href=\"http:\/\/sapieha-sledz.pl\/?page_id=79\">Praca i sprawy administracyjne<\/a><\/span><\/h2>\n<p><img loading=\"lazy\" decoding=\"async\" class=\"alignright size-large wp-image-103\" src=\"http:\/\/sapieha-sledz.pl\/wp-content\/uploads\/2018\/04\/prawnik-szczecin-radca-prawny-kancelaria-praca-odszkodowania-sprawy-administracyjne-1024x768.jpg\" alt=\"\" width=\"648\" height=\"486\" srcset=\"https:\/\/sapieha-sledz.pl\/wp-content\/uploads\/2018\/04\/prawnik-szczecin-radca-prawny-kancelaria-praca-odszkodowania-sprawy-administracyjne-1024x768.jpg 1024w, https:\/\/sapieha-sledz.pl\/wp-content\/uploads\/2018\/04\/prawnik-szczecin-radca-prawny-kancelaria-praca-odszkodowania-sprawy-administracyjne-300x225.jpg 300w, https:\/\/sapieha-sledz.pl\/wp-content\/uploads\/2018\/04\/prawnik-szczecin-radca-prawny-kancelaria-praca-odszkodowania-sprawy-administracyjne-768x576.jpg 768w, https:\/\/sapieha-sledz.pl\/wp-content\/uploads\/2018\/04\/prawnik-szczecin-radca-prawny-kancelaria-praca-odszkodowania-sprawy-administracyjne-1536x1152.jpg 1536w, https:\/\/sapieha-sledz.pl\/wp-content\/uploads\/2018\/04\/prawnik-szczecin-radca-prawny-kancelaria-praca-odszkodowania-sprawy-administracyjne-1568x1176.jpg 1568w, https:\/\/sapieha-sledz.pl\/wp-content\/uploads\/2018\/04\/prawnik-szczecin-radca-prawny-kancelaria-praca-odszkodowania-sprawy-administracyjne.jpg 1920w\" sizes=\"auto, (max-width: 648px) 100vw, 648px\" \/><\/p>\n<ul>\n<li style=\"text-align: left;\">rozwi\u0105zanie umowy o prac\u0119 i \u015bwiadectwa pracy<\/li>\n<li style=\"text-align: left;\">mobbing<\/li>\n<li style=\"text-align: left;\">odwo\u0142ania od decyzji administracyjnych i skargi<\/li>\n<li style=\"text-align: left;\">ubezpieczenia spo\u0142eczne<\/li>\n<\/ul>\n<div>\n<p><a href=\"http:\/\/sapieha-sledz.pl\/?page_id=79\">Szczeg\u00f3\u0142y&#8230;<\/a><\/p>\n<\/div>\n<hr>\n<h2><\/h2>\n<h2><img loading=\"lazy\" decoding=\"async\" class=\"size-full wp-image-107 aligncenter\" src=\"http:\/\/sapieha-sledz.pl\/wp-content\/uploads\/2018\/04\/android-icon-36x36-1.png\" alt=\"\" width=\"36\" height=\"36\"><\/h2>\n<section id=\"page-zones__main-widgets__58ac8cf681d29-zones__58ac8cf69eb50\" class=\"bk-zone column columns-two-left\">\n<div id=\"page-zones__main-widgets__58ac8cf681d29-zones__58ac8cf69eb50-widgets__58ac8cf6b7fc9\" class=\"widget content\">\n<div class=\"bk-content-text js-text-content wysihtml-editor-content\">\n<h2 style=\"text-align: center;\"><span style=\"color: #333333;\">Sprawy karne i o wykroczenia<\/span><\/h2>\n<p><img loading=\"lazy\" decoding=\"async\" class=\"alignright size-large wp-image-100\" src=\"http:\/\/sapieha-sledz.pl\/wp-content\/uploads\/2018\/04\/prawnik-szczecin-radca-prawny-kancelaria-odszkodowania-sprawy-karne-wykroczenia-1024x768.jpg\" alt=\"\" width=\"648\" height=\"486\" srcset=\"https:\/\/sapieha-sledz.pl\/wp-content\/uploads\/2018\/04\/prawnik-szczecin-radca-prawny-kancelaria-odszkodowania-sprawy-karne-wykroczenia-1024x768.jpg 1024w, https:\/\/sapieha-sledz.pl\/wp-content\/uploads\/2018\/04\/prawnik-szczecin-radca-prawny-kancelaria-odszkodowania-sprawy-karne-wykroczenia-300x225.jpg 300w, https:\/\/sapieha-sledz.pl\/wp-content\/uploads\/2018\/04\/prawnik-szczecin-radca-prawny-kancelaria-odszkodowania-sprawy-karne-wykroczenia-768x576.jpg 768w, https:\/\/sapieha-sledz.pl\/wp-content\/uploads\/2018\/04\/prawnik-szczecin-radca-prawny-kancelaria-odszkodowania-sprawy-karne-wykroczenia-1536x1152.jpg 1536w, https:\/\/sapieha-sledz.pl\/wp-content\/uploads\/2018\/04\/prawnik-szczecin-radca-prawny-kancelaria-odszkodowania-sprawy-karne-wykroczenia-1568x1176.jpg 1568w, https:\/\/sapieha-sledz.pl\/wp-content\/uploads\/2018\/04\/prawnik-szczecin-radca-prawny-kancelaria-odszkodowania-sprawy-karne-wykroczenia.jpg 1920w\" sizes=\"auto, (max-width: 648px) 100vw, 648px\" \/><\/p>\n<ul>\n<li style=\"text-align: left;\">reprezentowanie pokrzywdzonych w post\u0119powaniu karnym<\/li>\n<li style=\"text-align: left;\">sporz\u0105dzanie prywatnych i subsydiarnych akt\u00f3w oskar\u017cenia<\/li>\n<li style=\"text-align: left;\">naprawienie szkody w post\u0119powaniu karnym<\/li>\n<li style=\"text-align: left;\">odszkodowania za nies\u0142uszne zatrzymanie lub skazanie<\/li>\n<\/ul>\n<\/div>\n<\/div>\n<div id=\"page-zones__main-widgets__58ac8cf681d29-zones__58ac8cf69eb50-widgets__58ac8d120b4cd\" class=\"widget button\">\n<div class=\"b-wrap widget-align-left\"><a href=\"http:\/\/sapieha-sledz.pl\/?page_id=81\"><span class=\"btnText\">Szczeg\u00f3\u0142y&#8230;<\/span><\/a><\/div>\n<div><\/div>\n<\/div>\n<\/section>\n<section id=\"page-zones__main-widgets__58ac8cf681d29-zones__58ac8cf6acab8\" class=\"bk-zone column columns-two-right\">\n<div id=\"page-zones__main-widgets__58ac8cf681d29-zones__58ac8cf6acab8-widgets__58ac8cf6c2a57\" class=\"widget image\">\n<hr>\n<div id=\"page-zones__main-widgets__58a0ce64904e1\" class=\"widget responsivecolumns\">\n<section id=\"page-zones__main-widgets__58a0ce64904e1-zones__58a0ce64a785c\" class=\"bk-zone column columns-two-left\">\n<div id=\"page-zones__main-widgets__58a0ce64904e1-zones__58a0ce64a785c-widgets__58a0ce64be3b9\" class=\"widget content\">\n<div class=\"bk-content-text js-text-content wysihtml-editor-content\">\n<h2><\/h2>\n<h2><img loading=\"lazy\" decoding=\"async\" class=\"size-full wp-image-107 aligncenter\" src=\"http:\/\/sapieha-sledz.pl\/wp-content\/uploads\/2018\/04\/android-icon-36x36-1.png\" alt=\"\" width=\"36\" height=\"36\"><\/h2>\n<h2 style=\"text-align: center;\"><span style=\"color: #333333;\">Podmioty gospodarcze i osoby prawne<\/span><\/h2>\n<p><img loading=\"lazy\" decoding=\"async\" class=\"alignright size-large wp-image-106\" src=\"http:\/\/sapieha-sledz.pl\/wp-content\/uploads\/2018\/04\/prawnik-szczecin-radca-prawny-ubezpieczenia-podmioty-gospodarcze-osoby-prawne-stowarzyszenia-1024x683.jpg\" alt=\"\" width=\"648\" height=\"432\" srcset=\"https:\/\/sapieha-sledz.pl\/wp-content\/uploads\/2018\/04\/prawnik-szczecin-radca-prawny-ubezpieczenia-podmioty-gospodarcze-osoby-prawne-stowarzyszenia-1024x683.jpg 1024w, https:\/\/sapieha-sledz.pl\/wp-content\/uploads\/2018\/04\/prawnik-szczecin-radca-prawny-ubezpieczenia-podmioty-gospodarcze-osoby-prawne-stowarzyszenia-300x200.jpg 300w, https:\/\/sapieha-sledz.pl\/wp-content\/uploads\/2018\/04\/prawnik-szczecin-radca-prawny-ubezpieczenia-podmioty-gospodarcze-osoby-prawne-stowarzyszenia-768x512.jpg 768w, https:\/\/sapieha-sledz.pl\/wp-content\/uploads\/2018\/04\/prawnik-szczecin-radca-prawny-ubezpieczenia-podmioty-gospodarcze-osoby-prawne-stowarzyszenia-1536x1025.jpg 1536w, https:\/\/sapieha-sledz.pl\/wp-content\/uploads\/2018\/04\/prawnik-szczecin-radca-prawny-ubezpieczenia-podmioty-gospodarcze-osoby-prawne-stowarzyszenia-1568x1046.jpg 1568w, https:\/\/sapieha-sledz.pl\/wp-content\/uploads\/2018\/04\/prawnik-szczecin-radca-prawny-ubezpieczenia-podmioty-gospodarcze-osoby-prawne-stowarzyszenia.jpg 1920w\" sizes=\"auto, (max-width: 648px) 100vw, 648px\" \/><\/p>\n<ul>\n<li>rejestrowanie i obs\u0142uga podmiot\u00f3w gospodarczych<\/li>\n<li>sporz\u0105dzanie projekt\u00f3w um\u00f3w sp\u00f3\u0142ek<\/li>\n<li>zam\u00f3wienia publiczne<\/li>\n<li>ochrona danych osobowych<\/li>\n<\/ul>\n<\/div>\n<\/div>\n<div id=\"page-zones__main-widgets__58a0ce64904e1-zones__58a0ce64a785c-widgets__58a0cea49f507\" class=\"widget button\">\n<div class=\"b-wrap widget-align-left\"><a href=\"http:\/\/sapieha-sledz.pl\/?page_id=84\"><span class=\"btnText\">Szczeg\u00f3\u0142y&#8230;<\/span><\/a><\/div>\n<\/div>\n<\/section>\n<\/div>\n<\/div>\n<\/section>\n<div class=\"widget image\"><\/div>\n<div><\/div>\n<div><\/div>\n<div><\/div>\n<div><\/div>\n<div><\/div>\n<section id=\"page-zones__main-widgets__58ac8cf681d29-zones__58ac8cf6acab8\" class=\"bk-zone column columns-two-right\">\n<section id=\"page-zones__main-widgets__58a4b06851ba2-zones__58a4b06870287\" class=\"bk-zone column columns-two-left\">\n<div id=\"page-zones__main-widgets__58a4b06851ba2-zones__58a4b06870287-widgets__58b0a79ec8e13\" class=\"widget button\"><\/div>\n<\/section>\n<\/section>\n<div><\/div>\n<div><\/div>\n<div><\/div>\n<div><\/div>\n<div><\/div>\n<section id=\"page-zones__main-widgets__58ac8cf681d29-zones__58ac8cf6acab8\" class=\"bk-zone column columns-two-right\">\n<div id=\"page-zones__main-widgets__58a4b06851ba2-zones__58a4b06870287-widgets__58b0a79ec8e13\" class=\"widget button\">\n<div>\n<hr>\n<div class=\"column columns-two-left\">\n<div id=\"page-zones__template-widgets__content-footercolumn1content1\" class=\"widget content \">\n<div><img loading=\"lazy\" decoding=\"async\" class=\"alignright wp-image-156 size-full\" src=\"http:\/\/sapieha-sledz.pl\/wp-content\/uploads\/2020\/02\/OIRP_logo-e1581521637700.jpg\" alt=\"\" width=\"200\" height=\"91\"><\/div>\n<div class=\"bk-content-text js-text-content wysihtml-editor-content\"><b>Kancelaria Radcy Prawnego<\/b><br \/>\n<b>Radca Prawny Ewa Sapieha-\u015aled\u017a<\/b><\/div>\n<div><\/div>\n<div class=\"bk-content-text js-text-content wysihtml-editor-content\"><b>Biuro \u015ar\u00f3dmie\u015bcie<\/b><\/div>\n<\/div>\n<\/div>\n<div class=\"column columns-two-right\">\n<div id=\"page-zones__template-widgets__content-footercolumn2content1\" class=\"widget content \">\n<div class=\"bk-content-text js-text-content wysihtml-editor-content\">\n<p style=\"text-align: left;\"><span class=\"wysiwyg-font-size-small\">Ul. Langiewicza 18\/18, <\/span><span class=\"wysiwyg-font-size-small\">72-263 Szczecin<\/span><\/p>\n<p><span class=\"wysiwyg-font-size-small\"><b>Biuro Mierzyn<\/b><\/span><\/p>\n<\/div>\n<div class=\"bk-content-text js-text-content wysihtml-editor-content\">Ul. Izydy 1a, 72-006 Mierzyn<\/div>\n<div><\/div>\n<div class=\"bk-content-text js-text-content wysihtml-editor-content\"><span class=\"wysiwyg-font-size-small\">Tel<\/span>.&nbsp;608651736<\/div>\n<div class=\"bk-content-text js-text-content wysihtml-editor-content\"><span style=\"text-align: center;\">email: kancelaria@sapieha-sledz.pl<\/span><\/div>\n<div class=\"bk-content-text js-text-content wysihtml-editor-content\" style=\"text-align: center;\">\n<hr>\n<p><span class=\"wysiwyg-font-size-smaller\">\u00a9 Ewa Sapieha-\u015aled\u017a&nbsp;<\/span><span class=\"wysiwyg-font-size-smaller\">2020<\/span><\/p>\n<\/div>\n<\/div>\n<\/div>\n<\/div>\n<\/div>\n<\/section>\n","protected":false},"excerpt":{"rendered":"<p>Sprawy cywilne, rodzinne i opieku\u0144cze b\u0142\u0119dy medyczne odszkodowania komunikacyjne i osobowe rozwody, alimenty, opieka na dzieckiem spadki Szczeg\u00f3\u0142y&#8230; Praca i sprawy administracyjne rozwi\u0105zanie umowy o prac\u0119 i \u015bwiadectwa pracy mobbing odwo\u0142ania od decyzji administracyjnych i skargi ubezpieczenia spo\u0142eczne Szczeg\u00f3\u0142y&#8230; Sprawy karne i o wykroczenia reprezentowanie pokrzywdzonych w post\u0119powaniu karnym sporz\u0105dzanie prywatnych i subsydiarnych akt\u00f3w oskar\u017cenia &hellip; <a href=\"https:\/\/sapieha-sledz.pl\/index.php\/oferta\/\" class=\"more-link\">Czytaj dalej <span class=\"screen-reader-text\">Oferta<\/span><\/a><\/p>\n","protected":false},"author":1,"featured_media":68,"parent":0,"menu_order":0,"comment_status":"closed","ping_status":"closed","template":"","meta":{"footnotes":""},"class_list":["post-67","page","type-page","status-publish","has-post-thumbnail","hentry"],"_links":{"self":[{"href":"https:\/\/sapieha-sledz.pl\/index.php\/wp-json\/wp\/v2\/pages\/67","targetHints":{"allow":["GET"]}}],"collection":[{"href":"https:\/\/sapieha-sledz.pl\/index.php\/wp-json\/wp\/v2\/pages"}],"about":[{"href":"https:\/\/sapieha-sledz.pl\/index.php\/wp-json\/wp\/v2\/types\/page"}],"author":[{"embeddable":true,"href":"https:\/\/sapieha-sledz.pl\/index.php\/wp-json\/wp\/v2\/users\/1"}],"replies":[{"embeddable":true,"href":"https:\/\/sapieha-sledz.pl\/index.php\/wp-json\/wp\/v2\/comments?post=67"}],"version-history":[{"count":2,"href":"https:\/\/sapieha-sledz.pl\/index.php\/wp-json\/wp\/v2\/pages\/67\/revisions"}],"predecessor-version":[{"id":207,"href":"https:\/\/sapieha-sledz.pl\/index.php\/wp-json\/wp\/v2\/pages\/67\/revisions\/207"}],"wp:featuredmedia":[{"embeddable":true,"href":"https:\/\/sapieha-sledz.pl\/index.php\/wp-json\/wp\/v2\/media\/68"}],"wp:attachment":[{"href":"https:\/\/sapieha-sledz.pl\/index.php\/wp-json\/wp\/v2\/media?parent=67"}],"curies":[{"name":"wp","href":"https:\/\/api.w.org\/{rel}","templated":true}]}}