{"id":74,"date":"2018-03-03T23:12:23","date_gmt":"2018-03-03T23:12:23","guid":{"rendered":"http:\/\/sapieha-sledz.pl\/?page_id=74"},"modified":"2021-02-17T21:59:40","modified_gmt":"2021-02-17T20:59:40","slug":"sprawy-cywilne-rodzinne-i-opiekuncze","status":"publish","type":"page","link":"https:\/\/sapieha-sledz.pl\/index.php\/oferta\/sprawy-cywilne-rodzinne-i-opiekuncze\/","title":{"rendered":"Sprawy cywilne, rodzinne i opieku\u0144cze"},"content":{"rendered":"<h1><span style=\"color: #3366ff;\">Zakres us\u0142ug<\/span><\/h1>\n<p>\u015awiadcz\u0119 pomoc prawn\u0105 z zakresu wszystkich dziedzin prawa, zar\u00f3wno w zakresie doradztwa, sporz\u0105dzania pism i um\u00f3w, jak i reprezentowania przed s\u0105dami i organami administracyjnymi oraz organami \u015bcigania.<\/p>\n<p>Do spraw, w kt\u00f3rych pomagam, nale\u017c\u0105 m.in.:<\/p>\n<p><img loading=\"lazy\" decoding=\"async\" class=\"size-full wp-image-107 alignleft\" src=\"http:\/\/sapieha-sledz.pl\/wp-content\/uploads\/2018\/04\/android-icon-36x36-1.png\" alt=\"\" width=\"36\" height=\"36\" \/><\/p>\n<p><strong>Sprawy cywilne:<\/strong><\/p>\n<ul>\n<li>sprawy dotycz\u0105ce b\u0142\u0119d\u00f3w medycznych,<\/li>\n<li>odszkodowania za szkody komunikacyjne i osobowe,<\/li>\n<\/ul>\n<ul>\n<li>sprawy o zap\u0142at\u0119,<\/li>\n<\/ul>\n<ul>\n<li>roszczenia wynikaj\u0105ce z um\u00f3w, w tym dotycz\u0105ce wykonania umowy, zawarcia umowy przyrzeczonej oraz roszczenia z umowy przedwst\u0119pnej,<\/li>\n<li>roszczenia z tytu\u0142u bezpodstawnego wzbogacenia,<\/li>\n<li>sporz\u0105dzanie pozw\u00f3w w post\u0119powaniu nakazowym, uproszczonym, upominawczym,<\/li>\n<li>sporz\u0105dzanie um\u00f3w cywilnoprawnych,<\/li>\n<li>sprawy o naprawienie szkody za niewykonanie lub nienale\u017cyte wykonanie zobowi\u0105zania,<\/li>\n<li>zabezpieczanie wierzytelno\u015bci,<\/li>\n<li>naruszenie posiadania i o ochrona w\u0142asno\u015bci,<\/li>\n<li>zasiedzenie,<\/li>\n<li>zniesienie wsp\u00f3\u0142w\u0142asno\u015bci,<\/li>\n<li>opr\u00f3\u017cnienie lokalu (eksmisje).<\/li>\n<\/ul>\n<p><img loading=\"lazy\" decoding=\"async\" class=\"size-full wp-image-107 alignleft\" src=\"http:\/\/sapieha-sledz.pl\/wp-content\/uploads\/2018\/04\/android-icon-36x36-1.png\" alt=\"\" width=\"36\" height=\"36\" \/><\/p>\n<p><strong>Sprawy spadkowe:<\/strong><\/p>\n<ul>\n<li>stwierdzenie nabycia spadku,<\/li>\n<li>zachowek,<\/li>\n<li>dzia\u0142 spadku, zapis, polecenie,<\/li>\n<li>stwierdzenie niewa\u017cno\u015bci testamentu,<\/li>\n<li>uznanie za niegodnego dziedziczenia.<\/li>\n<\/ul>\n<p><img loading=\"lazy\" decoding=\"async\" class=\"size-full wp-image-107 alignleft\" src=\"http:\/\/sapieha-sledz.pl\/wp-content\/uploads\/2018\/04\/android-icon-36x36-1.png\" alt=\"\" width=\"36\" height=\"36\" \/><\/p>\n<p><strong>Sprawy rodzinne i opieku\u0144cze:<\/strong><\/p>\n<ul>\n<li>rozw\u00f3d,<\/li>\n<li>separacja,<\/li>\n<li>alimenty, w tym podwy\u017cszenie lub obni\u017cenie aliment\u00f3w, uchylenie obowi\u0105zku alimentacyjnego,<\/li>\n<li>pozbawienie i ograniczenie w\u0142adzy rodzicielskiej,<\/li>\n<li>ustalenie kontakt\u00f3w z dzieckiem, w tym ustalenie kontakt\u00f3w z wnukiem,<\/li>\n<li>ustalenie i zaprzeczenie ojcostwa,<\/li>\n<li>ustanowienie rozdzielno\u015bci maj\u0105tkowej mi\u0119dzy ma\u0142\u017conkami,<\/li>\n<li>podzia\u0142 maj\u0105tku,<\/li>\n<li>dochodzenie od wsp\u00f3\u0142ma\u0142\u017conka \u015brodk\u00f3w utrzymania rodziny,<\/li>\n<li>sprawy dotycz\u0105ce odpowiedzialno\u015bci maj\u0105tkowej ma\u0142\u017conk\u00f3w za d\u0142ugi.<\/li>\n<\/ul>\n<p>Zadzwo\u0144 teraz &#8211; tel:608651736<\/p>\n<div class=\"column columns-two-left\">\n<div id=\"page-zones__template-widgets__content-footercolumn1content1\" class=\"widget content \">\n<div>\n<hr \/>\n<p><img loading=\"lazy\" decoding=\"async\" class=\"alignright wp-image-156 size-full\" src=\"http:\/\/sapieha-sledz.pl\/wp-content\/uploads\/2020\/02\/OIRP_logo-e1581521637700.jpg\" alt=\"\" width=\"200\" height=\"91\" \/><\/p>\n<\/div>\n<div class=\"bk-content-text js-text-content wysihtml-editor-content\"><b>Kancelaria Radcy Prawnego<\/b><br \/>\n<b>Radca Prawny Ewa Sapieha-\u015aled\u017a<\/b><\/div>\n<div><\/div>\n<div class=\"bk-content-text js-text-content wysihtml-editor-content\"><b>Biuro \u015ar\u00f3dmie\u015bcie<\/b><\/div>\n<\/div>\n<\/div>\n<div class=\"column columns-two-right\">\n<div id=\"page-zones__template-widgets__content-footercolumn2content1\" class=\"widget content \">\n<div class=\"bk-content-text js-text-content wysihtml-editor-content\">\n<p style=\"text-align: left;\"><span class=\"wysiwyg-font-size-small\"><b><\/b>Ul. Langiewicza 18\/18, <\/span><span class=\"wysiwyg-font-size-small\">72-263 Szczecin<b><\/b><\/span><\/p>\n<p>\u00a0<span class=\"wysiwyg-font-size-small\"><b>Biuro Mierzyn<\/b><\/span><\/p>\n<\/div>\n<div class=\"bk-content-text js-text-content wysihtml-editor-content\">Ul. Izydy 1a, 72-006 Mierzyn<\/div>\n<div><\/div>\n<div class=\"bk-content-text js-text-content wysihtml-editor-content\"><span class=\"wysiwyg-font-size-small\">Tel<\/span>.\u00a0608651736<\/div>\n<div class=\"bk-content-text js-text-content wysihtml-editor-content\"><span style=\"text-align: center;\">email: kancelaria@sapieha-sledz.pl<\/span><\/div>\n<div class=\"bk-content-text js-text-content wysihtml-editor-content\" style=\"text-align: center;\">\n<hr \/>\n<p><span class=\"wysiwyg-font-size-smaller\">\u00a9 Ewa Sapieha-\u015aled\u017a\u00a0<\/span><span class=\"wysiwyg-font-size-smaller\">2020<\/span><\/p>\n<\/div>\n<\/div>\n<\/div>\n","protected":false},"excerpt":{"rendered":"<p>Zakres us\u0142ug \u015awiadcz\u0119 pomoc prawn\u0105 z zakresu wszystkich dziedzin prawa, zar\u00f3wno w zakresie doradztwa, sporz\u0105dzania pism i um\u00f3w, jak i reprezentowania przed s\u0105dami i organami administracyjnymi oraz organami \u015bcigania. Do spraw, w kt\u00f3rych pomagam, nale\u017c\u0105 m.in.: Sprawy cywilne: sprawy dotycz\u0105ce b\u0142\u0119d\u00f3w medycznych, odszkodowania za szkody komunikacyjne i osobowe, sprawy o zap\u0142at\u0119, roszczenia wynikaj\u0105ce z um\u00f3w, &hellip; <a href=\"https:\/\/sapieha-sledz.pl\/index.php\/oferta\/sprawy-cywilne-rodzinne-i-opiekuncze\/\" class=\"more-link\">Czytaj dalej <span class=\"screen-reader-text\">Sprawy cywilne, rodzinne i opieku\u0144cze<\/span><\/a><\/p>\n","protected":false},"author":1,"featured_media":32,"parent":67,"menu_order":0,"comment_status":"closed","ping_status":"closed","template":"","meta":{"footnotes":""},"class_list":["post-74","page","type-page","status-publish","has-post-thumbnail","hentry"],"_links":{"self":[{"href":"https:\/\/sapieha-sledz.pl\/index.php\/wp-json\/wp\/v2\/pages\/74","targetHints":{"allow":["GET"]}}],"collection":[{"href":"https:\/\/sapieha-sledz.pl\/index.php\/wp-json\/wp\/v2\/pages"}],"about":[{"href":"https:\/\/sapieha-sledz.pl\/index.php\/wp-json\/wp\/v2\/types\/page"}],"author":[{"embeddable":true,"href":"https:\/\/sapieha-sledz.pl\/index.php\/wp-json\/wp\/v2\/users\/1"}],"replies":[{"embeddable":true,"href":"https:\/\/sapieha-sledz.pl\/index.php\/wp-json\/wp\/v2\/comments?post=74"}],"version-history":[{"count":1,"href":"https:\/\/sapieha-sledz.pl\/index.php\/wp-json\/wp\/v2\/pages\/74\/revisions"}],"predecessor-version":[{"id":201,"href":"https:\/\/sapieha-sledz.pl\/index.php\/wp-json\/wp\/v2\/pages\/74\/revisions\/201"}],"up":[{"embeddable":true,"href":"https:\/\/sapieha-sledz.pl\/index.php\/wp-json\/wp\/v2\/pages\/67"}],"wp:featuredmedia":[{"embeddable":true,"href":"https:\/\/sapieha-sledz.pl\/index.php\/wp-json\/wp\/v2\/media\/32"}],"wp:attachment":[{"href":"https:\/\/sapieha-sledz.pl\/index.php\/wp-json\/wp\/v2\/media?parent=74"}],"curies":[{"name":"wp","href":"https:\/\/api.w.org\/{rel}","templated":true}]}}