{"id":79,"date":"2018-03-03T23:15:48","date_gmt":"2018-03-03T23:15:48","guid":{"rendered":"http:\/\/sapieha-sledz.pl\/?page_id=79"},"modified":"2021-02-17T22:00:03","modified_gmt":"2021-02-17T21:00:03","slug":"praca-i-sprawy-administracyjne","status":"publish","type":"page","link":"https:\/\/sapieha-sledz.pl\/index.php\/oferta\/praca-i-sprawy-administracyjne\/","title":{"rendered":"Praca i sprawy administracyjne"},"content":{"rendered":"<h1><span style=\"color: #3366ff;\">Zakres us\u0142ug<\/span><\/h1>\n<p>\u015awiadcz\u0119 pomoc prawn\u0105 z zakresu wszystkich dziedzin prawa, zar\u00f3wno w zakresie doradztwa, sporz\u0105dzania pism i um\u00f3w, jak i reprezentowania przed s\u0105dami i organami administracyjnymi oraz organami \u015bcigania.<\/p>\n<p>Do spraw, w kt\u00f3rych pomagam, nale\u017c\u0105 m.in.:<\/p>\n<p><img loading=\"lazy\" decoding=\"async\" class=\"size-full wp-image-107 alignleft\" src=\"http:\/\/sapieha-sledz.pl\/wp-content\/uploads\/2018\/04\/android-icon-36x36-1.png\" alt=\"\" width=\"36\" height=\"36\" \/><\/p>\n<p><strong>Sprawy zwi\u0105zane z prac\u0105<\/strong><\/p>\n<ul>\n<li>rozwi\u0105zanie umowy o prac\u0119 i \u015bwiadectwa pracy,<\/li>\n<li>mobbing,<\/li>\n<li>odwo\u0142ania od decyzji administracyjnych i skargi,<\/li>\n<li>ubezpieczenia spo\u0142eczne.<\/li>\n<\/ul>\n<p><img loading=\"lazy\" decoding=\"async\" class=\"size-full wp-image-107 alignleft\" src=\"http:\/\/sapieha-sledz.pl\/wp-content\/uploads\/2018\/04\/android-icon-36x36-1.png\" alt=\"\" width=\"36\" height=\"36\" \/><\/p>\n<p><strong>Sprawy administracyjne<\/strong><\/p>\n<p>\u2022 odwo\u0142ania od decyzji,<br \/>\n\u2022 za\u017calenia na postanowienia,<br \/>\n\u2022 skargi do Wojew\u00f3dzkiego S\u0105du Administracyjnego i Naczelnego S\u0105du Administracyjnego.<\/p>\n<p>Zadzwo\u0144 teraz &#8211; tel:608651736<\/p>\n<hr \/>\n<p><img loading=\"lazy\" decoding=\"async\" class=\"alignright wp-image-156 size-full\" src=\"http:\/\/sapieha-sledz.pl\/wp-content\/uploads\/2020\/02\/OIRP_logo-e1581521637700.jpg\" alt=\"\" width=\"200\" height=\"91\" \/><\/p>\n<p><b style=\"font-family: inherit; font-style: inherit;\">Kancelaria Radcy Prawnego<\/b><\/p>\n<div class=\"column columns-two-left\">\n<div id=\"page-zones__template-widgets__content-footercolumn1content1\" class=\"widget content \">\n<div class=\"bk-content-text js-text-content wysihtml-editor-content\"><b>Radca Prawny Ewa Sapieha-\u015aled\u017a<\/b><\/div>\n<div><\/div>\n<div class=\"bk-content-text js-text-content wysihtml-editor-content\"><b>Biuro \u015ar\u00f3dmie\u015bcie<\/b><\/div>\n<\/div>\n<\/div>\n<div class=\"column columns-two-right\">\n<div id=\"page-zones__template-widgets__content-footercolumn2content1\" class=\"widget content \">\n<div class=\"bk-content-text js-text-content wysihtml-editor-content\">\n<p style=\"text-align: left;\"><span class=\"wysiwyg-font-size-small\"><b><\/b>Ul. Langiewicza 18\/18, <\/span><span class=\"wysiwyg-font-size-small\">72-263 Szczecin<b><\/b><\/span><\/p>\n<p>\u00a0<span class=\"wysiwyg-font-size-small\"><b>Biuro Mierzyn<\/b><\/span><\/p>\n<\/div>\n<div class=\"bk-content-text js-text-content wysihtml-editor-content\">Ul. Izydy 1a, 72-006 Mierzyn<\/div>\n<div><\/div>\n<div class=\"bk-content-text js-text-content wysihtml-editor-content\"><span class=\"wysiwyg-font-size-small\">Tel<\/span>.\u00a0608651736<\/div>\n<div class=\"bk-content-text js-text-content wysihtml-editor-content\"><span style=\"text-align: center;\">email: kancelaria@sapieha-sledz.pl<\/span><\/div>\n<div class=\"bk-content-text js-text-content wysihtml-editor-content\" style=\"text-align: center;\">\n<hr \/>\n<p><span class=\"wysiwyg-font-size-smaller\">\u00a9 Ewa Sapieha-\u015aled\u017a\u00a0<\/span><span class=\"wysiwyg-font-size-smaller\">2020<\/span><\/p>\n<\/div>\n<\/div>\n<\/div>\n","protected":false},"excerpt":{"rendered":"<p>Zakres us\u0142ug \u015awiadcz\u0119 pomoc prawn\u0105 z zakresu wszystkich dziedzin prawa, zar\u00f3wno w zakresie doradztwa, sporz\u0105dzania pism i um\u00f3w, jak i reprezentowania przed s\u0105dami i organami administracyjnymi oraz organami \u015bcigania. Do spraw, w kt\u00f3rych pomagam, nale\u017c\u0105 m.in.: Sprawy zwi\u0105zane z prac\u0105 rozwi\u0105zanie umowy o prac\u0119 i \u015bwiadectwa pracy, mobbing, odwo\u0142ania od decyzji administracyjnych i skargi, ubezpieczenia &hellip; <a href=\"https:\/\/sapieha-sledz.pl\/index.php\/oferta\/praca-i-sprawy-administracyjne\/\" class=\"more-link\">Czytaj dalej <span class=\"screen-reader-text\">Praca i sprawy administracyjne<\/span><\/a><\/p>\n","protected":false},"author":1,"featured_media":35,"parent":67,"menu_order":0,"comment_status":"closed","ping_status":"closed","template":"","meta":{"footnotes":""},"class_list":["post-79","page","type-page","status-publish","has-post-thumbnail","hentry"],"_links":{"self":[{"href":"https:\/\/sapieha-sledz.pl\/index.php\/wp-json\/wp\/v2\/pages\/79","targetHints":{"allow":["GET"]}}],"collection":[{"href":"https:\/\/sapieha-sledz.pl\/index.php\/wp-json\/wp\/v2\/pages"}],"about":[{"href":"https:\/\/sapieha-sledz.pl\/index.php\/wp-json\/wp\/v2\/types\/page"}],"author":[{"embeddable":true,"href":"https:\/\/sapieha-sledz.pl\/index.php\/wp-json\/wp\/v2\/users\/1"}],"replies":[{"embeddable":true,"href":"https:\/\/sapieha-sledz.pl\/index.php\/wp-json\/wp\/v2\/comments?post=79"}],"version-history":[{"count":1,"href":"https:\/\/sapieha-sledz.pl\/index.php\/wp-json\/wp\/v2\/pages\/79\/revisions"}],"predecessor-version":[{"id":202,"href":"https:\/\/sapieha-sledz.pl\/index.php\/wp-json\/wp\/v2\/pages\/79\/revisions\/202"}],"up":[{"embeddable":true,"href":"https:\/\/sapieha-sledz.pl\/index.php\/wp-json\/wp\/v2\/pages\/67"}],"wp:featuredmedia":[{"embeddable":true,"href":"https:\/\/sapieha-sledz.pl\/index.php\/wp-json\/wp\/v2\/media\/35"}],"wp:attachment":[{"href":"https:\/\/sapieha-sledz.pl\/index.php\/wp-json\/wp\/v2\/media?parent=79"}],"curies":[{"name":"wp","href":"https:\/\/api.w.org\/{rel}","templated":true}]}}